{"id":8,"date":"2022-01-29T15:16:06","date_gmt":"2022-01-29T15:16:06","guid":{"rendered":"http:\/\/szkk.webbetyar.hu\/?page_id=8"},"modified":"2022-10-08T06:03:40","modified_gmt":"2022-10-08T06:03:40","slug":"the-new-umoma-opens-its-doors","status":"publish","type":"page","link":"https:\/\/edu.u-szeged.hu\/ikuku\/","title":{"rendered":"\u00dcdv\u00f6z\u00f6lj\u00fck az IKUKU honlapj\u00e1n!"},"content":{"rendered":"\n<div class=\"is-layout-flow wp-block-group alignwide\"><div class=\"wp-block-group__inner-container\">\n<h4 class=\"has-text-align-center\" id=\"a-modern-muveszet-elsodleges-helye-eszak-svedorszagban-nyitvatartas-a-nyari-honapok-alatt-10-00-18-00\"><\/h4>\n<\/div><\/div>\n","protected":false},"excerpt":{"rendered":"","protected":false},"author":1,"featured_media":71,"parent":0,"menu_order":0,"comment_status":"closed","ping_status":"closed","template":"","meta":[],"_links":{"self":[{"href":"https:\/\/edu.u-szeged.hu\/ikuku\/wp-json\/wp\/v2\/pages\/8"}],"collection":[{"href":"https:\/\/edu.u-szeged.hu\/ikuku\/wp-json\/wp\/v2\/pages"}],"about":[{"href":"https:\/\/edu.u-szeged.hu\/ikuku\/wp-json\/wp\/v2\/types\/page"}],"author":[{"embeddable":true,"href":"https:\/\/edu.u-szeged.hu\/ikuku\/wp-json\/wp\/v2\/users\/1"}],"replies":[{"embeddable":true,"href":"https:\/\/edu.u-szeged.hu\/ikuku\/wp-json\/wp\/v2\/comments?post=8"}],"version-history":[{"count":14,"href":"https:\/\/edu.u-szeged.hu\/ikuku\/wp-json\/wp\/v2\/pages\/8\/revisions"}],"predecessor-version":[{"id":96,"href":"https:\/\/edu.u-szeged.hu\/ikuku\/wp-json\/wp\/v2\/pages\/8\/revisions\/96"}],"wp:featuredmedia":[{"embeddable":true,"href":"https:\/\/edu.u-szeged.hu\/ikuku\/wp-json\/wp\/v2\/media\/71"}],"wp:attachment":[{"href":"https:\/\/edu.u-szeged.hu\/ikuku\/wp-json\/wp\/v2\/media?parent=8"}],"curies":[{"name":"wp","href":"https:\/\/api.w.org\/{rel}","templated":true}]}}