{"id":78,"date":"2022-10-07T19:00:37","date_gmt":"2022-10-07T19:00:37","guid":{"rendered":"https:\/\/ikuku.webbetyar.hu\/?page_id=78"},"modified":"2024-09-17T10:18:31","modified_gmt":"2024-09-17T10:18:31","slug":"egyuttmukodes","status":"publish","type":"page","link":"https:\/\/edu.u-szeged.hu\/ikuku\/egyuttmukodes\/","title":{"rendered":"Egy\u00fcttm\u0171k\u00f6d\u00e9s"},"content":{"rendered":"\n<p><\/p>\n\n\n\n<p>Az IKUKU kutat\u00e1si \u00e9s fejleszt\u00e9si egy\u00fcttm\u0171k\u00f6d\u0151 partnere a szegedi B\u0171nmegel\u0151z\u00e9si \u00e9s Oktat\u00e1si Szolg\u00e1ltat\u00f3 K\u00f6zpont Egyes\u00fclet (BOSZKE). Munk\u00e1juk egy r\u00e9sze szorosan kapcsol\u00f3dik az IKUKU munk\u00e1j\u00e1hoz, \u00edgy 2022 \u0151sz\u00e9t\u0151l t\u00f6bb vizsg\u00e1latot (pedag\u00f3guski\u00e9g\u00e9s, iskolai kudarc, prevenci\u00f3, Arizona-szoba) egy\u00fctt v\u00e9gz\u00fcnk a BOSZKE pszichol\u00f3gus \u00e9s pedag\u00f3gus munkat\u00e1rsaival. <a href=\"http:\/\/bunmegelozesikozpont.hu\/index.php\">http:\/\/bunmegelozesikozpont.hu\/index.php<\/a><\/p>\n\n\n\n<p>A szoci\u00e1lis k\u00e9szs\u00e9gek eg\u00e9szs\u00e9gfejleszt\u00e9sben val\u00f3 szerep\u00e9t k\u00f6z\u00f6sen vizsg\u00e1ljuk az&nbsp;<a href=\"https:\/\/mta.hu\/kozoktatas-fejlesztesi-kutatasi-program\/mta-pte-innovativ-egeszsegpedagogia-kutatocsoport-111674\">MTA-PTE Innovat\u00edv Eg\u00e9szs\u00e9gpedag\u00f3gia Kutat\u00f3csoporttal<\/a>. A kutat\u00f3csoport vezet\u0151je R\u00e1kosy-Vok\u00f3 Zsuzsa (P\u00e9csi Tudom\u00e1nyegyetem).<\/p>\n\n\n\n<p>A serd\u00fcl\u0151kori szoci\u00e1lisprobl\u00e9ma-megold\u00e1s \u00e9s kommunik\u00e1ci\u00f3 (m\u00e9rt ter\u00fcletek a kutat\u00e1s 3. \u00e9s 4. \u00e9v\u00e9ben) kapcsolat\u00e1nak, kiemelten a passz\u00edv agressz\u00edv kommunik\u00e1ci\u00f3 megjelen\u00e9s\u00e9nek vizsg\u00e1lat\u00e1ra k\u00f6z\u00f6sen dolgozunk ki egy k\u00e9rd\u0151\u00edvet Kyung-Hyun Suh professzorral (Department of Counseling Psychology, Sahmyook University, Seoul, Korea).<\/p>\n","protected":false},"excerpt":{"rendered":"<p>Az IKUKU kutat\u00e1si \u00e9s fejleszt\u00e9si egy\u00fcttm\u0171k\u00f6d\u0151 partnere a szegedi B\u0171nmegel\u0151z\u00e9si \u00e9s Oktat\u00e1si Szolg\u00e1ltat\u00f3 K\u00f6zpont Egyes\u00fclet (BOSZKE). Munk\u00e1juk egy r\u00e9sze szorosan kapcsol\u00f3dik az IKUKU munk\u00e1j\u00e1hoz, \u00edgy 2022 \u0151sz\u00e9t\u0151l t\u00f6bb vizsg\u00e1latot (pedag\u00f3guski\u00e9g\u00e9s, iskolai kudarc, prevenci\u00f3, Arizona-szoba) egy\u00fctt v\u00e9gz\u00fcnk a BOSZKE pszichol\u00f3gus \u00e9s pedag\u00f3gus munkat\u00e1rsaival. http:\/\/bunmegelozesikozpont.hu\/index.php A szoci\u00e1lis k\u00e9szs\u00e9gek eg\u00e9szs\u00e9gfejleszt\u00e9sben val\u00f3 szerep\u00e9t k\u00f6z\u00f6sen vizsg\u00e1ljuk az&nbsp;MTA-PTE Innovat\u00edv Eg\u00e9szs\u00e9gpedag\u00f3gia Kutat\u00f3csoporttal. [&hellip;]<\/p>\n","protected":false},"author":1,"featured_media":0,"parent":0,"menu_order":0,"comment_status":"closed","ping_status":"closed","template":"templates\/template-full-width.php","meta":[],"_links":{"self":[{"href":"https:\/\/edu.u-szeged.hu\/ikuku\/wp-json\/wp\/v2\/pages\/78"}],"collection":[{"href":"https:\/\/edu.u-szeged.hu\/ikuku\/wp-json\/wp\/v2\/pages"}],"about":[{"href":"https:\/\/edu.u-szeged.hu\/ikuku\/wp-json\/wp\/v2\/types\/page"}],"author":[{"embeddable":true,"href":"https:\/\/edu.u-szeged.hu\/ikuku\/wp-json\/wp\/v2\/users\/1"}],"replies":[{"embeddable":true,"href":"https:\/\/edu.u-szeged.hu\/ikuku\/wp-json\/wp\/v2\/comments?post=78"}],"version-history":[{"count":4,"href":"https:\/\/edu.u-szeged.hu\/ikuku\/wp-json\/wp\/v2\/pages\/78\/revisions"}],"predecessor-version":[{"id":126,"href":"https:\/\/edu.u-szeged.hu\/ikuku\/wp-json\/wp\/v2\/pages\/78\/revisions\/126"}],"wp:attachment":[{"href":"https:\/\/edu.u-szeged.hu\/ikuku\/wp-json\/wp\/v2\/media?parent=78"}],"curies":[{"name":"wp","href":"https:\/\/api.w.org\/{rel}","templated":true}]}}