{"id":34,"date":"2022-01-29T15:18:41","date_gmt":"2022-01-29T15:18:41","guid":{"rendered":"http:\/\/szkk.webbetyar.hu\/?page_id=34"},"modified":"2025-10-18T07:21:23","modified_gmt":"2025-10-18T07:21:23","slug":"munkatarsak","status":"publish","type":"page","link":"https:\/\/edu.u-szeged.hu\/ikuku\/munkatarsak\/","title":{"rendered":"Munkat\u00e1rsak"},"content":{"rendered":"\n<div class=\"wp-block-media-text alignwide is-stacked-on-mobile\" style=\"grid-template-columns:18% auto\"><figure class=\"wp-block-media-text__media\"><img decoding=\"async\" loading=\"lazy\" width=\"768\" height=\"1024\" src=\"https:\/\/edu.u-szeged.hu\/ikuku\/wp-content\/uploads\/2024\/09\/Kasik-Laszlo-768x1024.jpg\" alt=\"\" class=\"wp-image-119 size-full\" srcset=\"https:\/\/edu.u-szeged.hu\/ikuku\/wp-content\/uploads\/2024\/09\/Kasik-Laszlo-768x1024.jpg 768w, https:\/\/edu.u-szeged.hu\/ikuku\/wp-content\/uploads\/2024\/09\/Kasik-Laszlo-225x300.jpg 225w, https:\/\/edu.u-szeged.hu\/ikuku\/wp-content\/uploads\/2024\/09\/Kasik-Laszlo-1152x1536.jpg 1152w, https:\/\/edu.u-szeged.hu\/ikuku\/wp-content\/uploads\/2024\/09\/Kasik-Laszlo-1536x2048.jpg 1536w, https:\/\/edu.u-szeged.hu\/ikuku\/wp-content\/uploads\/2024\/09\/Kasik-Laszlo-1200x1600.jpg 1200w, https:\/\/edu.u-szeged.hu\/ikuku\/wp-content\/uploads\/2024\/09\/Kasik-Laszlo-1980x2640.jpg 1980w, https:\/\/edu.u-szeged.hu\/ikuku\/wp-content\/uploads\/2024\/09\/Kasik-Laszlo-scaled.jpg 1920w\" sizes=\"(max-width: 768px) 100vw, 768px\" \/><\/figure><div class=\"wp-block-media-text__content\">\n<p><strong>Dr. habil. Kasik L\u00e1szl\u00f3<\/strong><\/p>\n\n\n\n<p>kutat\u00f3csoport-vezet\u0151<\/p>\n\n\n\n<p>egyetemi docens<\/p>\n\n\n\n<p>SZTE BTK Pszichol\u00f3giai Int\u00e9zet Szoci\u00e1l- \u00e9s Fejl\u0151d\u00e9sl\u00e9lektani Tansz\u00e9k<\/p>\n\n\n\n<p><a href=\"mailto:kasik@edpsy.u-szeged.hu\">kasik@edpsy.u-szeged.hu<\/a><\/p>\n<\/div><\/div>\n\n\n\n<p><em>Kutat\u00e1si ter\u00fclet:<\/em> a szoci\u00e1lisprobl\u00e9ma-megold\u00e1s fejl\u0151d\u00e9se \u00e9s fejleszt\u00e9si lehet\u0151s\u00e9gei gyermek- \u00e9s serd\u00fcl\u0151korban; megk\u00fczd\u00e9si strat\u00e9gi\u00e1k gyermek- \u00e9s serd\u00fcl\u0151korban; maladapt\u00edv perfekcionizmus serd\u00fcl\u0151korban<\/p>\n\n\n\n<p>MTMT: <a href=\"https:\/\/m2.mtmt.hu\/api\/author\/10017484\">https:\/\/m2.mtmt.hu\/api\/author\/10017484<\/a><\/p>\n\n\n\n<p><\/p>\n\n\n\n<div class=\"wp-block-media-text alignwide is-stacked-on-mobile\" style=\"grid-template-columns:18% auto\"><figure class=\"wp-block-media-text__media\"><img decoding=\"async\" loading=\"lazy\" width=\"683\" height=\"1024\" src=\"https:\/\/edu.u-szeged.hu\/ikuku\/wp-content\/uploads\/2022\/11\/SzaboEva_1000x1500-683x1024.jpg\" alt=\"\" class=\"wp-image-100 size-full\"\/><\/figure><div class=\"wp-block-media-text__content\">\n<p><strong>Dr. habil. Szab\u00f3 \u00c9va<\/strong><\/p>\n\n\n\n<p>kutat\u00f3csoportvezet\u0151-helyettes<\/p>\n\n\n\n<p>tansz\u00e9kvezet\u0151 egyetemi docens<\/p>\n\n\n\n<p>SZTE BTK Pszichol\u00f3giai Int\u00e9zet Szoci\u00e1l- \u00e9s Fejl\u0151d\u00e9spszichol\u00f3giai Tansz\u00e9k<\/p>\n\n\n\n<p><a href=\"mailto:eva.szabo@psy.u-szeged.hu\">eva.szabo@psy.u-szeged.hu<\/a><\/p>\n<\/div><\/div>\n\n\n\n<p><em>Kutat\u00e1si ter\u00fclet:<\/em> a tan\u00e1ri ki\u00e9g\u00e9s okai: t\u00e1rsas \u00e9s munkahelyi jellemz\u0151k; a tan\u00e1ri ki\u00e9g\u00e9s t\u00e1rsadalmi kontextusa;&nbsp; tanul\u00e1st t\u00e1mogat\u00f3 pszichol\u00f3giai er\u0151forr\u00e1sok<\/p>\n\n\n\n<p>MTMT: <a href=\"https:\/\/m2.mtmt.hu\/api\/author\/10010207\">https:\/\/m2.mtmt.hu\/api\/author\/10010207<\/a><\/p>\n\n\n\n<p><\/p>\n\n\n\n<div class=\"wp-block-media-text alignwide is-stacked-on-mobile\" style=\"grid-template-columns:18% auto\"><figure class=\"wp-block-media-text__media\"><img decoding=\"async\" loading=\"lazy\" width=\"683\" height=\"1024\" src=\"https:\/\/edu.u-szeged.hu\/ikuku\/wp-content\/uploads\/2022\/11\/Jambori_Szilvia-1000x1500-1-683x1024.jpg\" alt=\"\" class=\"wp-image-107 size-full\" srcset=\"https:\/\/edu.u-szeged.hu\/ikuku\/wp-content\/uploads\/2022\/11\/Jambori_Szilvia-1000x1500-1-683x1024.jpg 683w, https:\/\/edu.u-szeged.hu\/ikuku\/wp-content\/uploads\/2022\/11\/Jambori_Szilvia-1000x1500-1-200x300.jpg 200w, https:\/\/edu.u-szeged.hu\/ikuku\/wp-content\/uploads\/2022\/11\/Jambori_Szilvia-1000x1500-1-768x1152.jpg 768w, https:\/\/edu.u-szeged.hu\/ikuku\/wp-content\/uploads\/2022\/11\/Jambori_Szilvia-1000x1500-1.jpg 1000w\" sizes=\"(max-width: 683px) 100vw, 683px\" \/><\/figure><div class=\"wp-block-media-text__content\">\n<p><strong>Dr. habil. J\u00e1mbori Szilvia<\/strong><\/p>\n\n\n\n<p>egyetemi docens<\/p>\n\n\n\n<p>SZTE BTK Pszichol\u00f3giai Int\u00e9zet Szoci\u00e1l- \u00e9s Fejl\u0151d\u00e9spszichol\u00f3giai Tansz\u00e9k<\/p>\n\n\n\n<p><a href=\"mailto:szilvia.jambori@psy%E2%80%8B.u-szeged.hu\">szilvia.jambori@psy\u200b.u-szeged.hu<\/a><\/p>\n<\/div><\/div>\n\n\n\n<p><em>Kutat\u00e1si ter\u00fclet:<\/em> pozit\u00edv fiatalkori fejl\u0151d\u00e9s, serd\u00fcl\u0151kori karakterer\u0151ss\u00e9gek; a sz\u00e1nd\u00e9kos \u00f6nszab\u00e1lyoz\u00e1s folyamata \u00e9s kapcsolata pszich\u00e9s er\u0151forr\u00e1sokkal; tanul\u00e1st t\u00e1mogat\u00f3 er\u0151forr\u00e1sok serd\u00fcl\u0151- \u00e9s fiatal feln\u0151ttkorban<\/p>\n\n\n\n<p>MTMT: <a href=\"https:\/\/m2.mtmt.hu\/api\/author\/10000231\">https:\/\/m2.mtmt.hu\/api\/author\/10000231<\/a><\/p>\n\n\n\n<p><\/p>\n\n\n\n<div class=\"wp-block-media-text alignwide is-stacked-on-mobile\" style=\"grid-template-columns:19% auto\"><figure class=\"wp-block-media-text__media\"><img decoding=\"async\" loading=\"lazy\" width=\"683\" height=\"1024\" src=\"https:\/\/edu.u-szeged.hu\/ikuku\/wp-content\/uploads\/2024\/09\/GalZita-r-683x1024.jpg\" alt=\"\" class=\"wp-image-144 size-full\" srcset=\"https:\/\/edu.u-szeged.hu\/ikuku\/wp-content\/uploads\/2024\/09\/GalZita-r-683x1024.jpg 683w, https:\/\/edu.u-szeged.hu\/ikuku\/wp-content\/uploads\/2024\/09\/GalZita-r-200x300.jpg 200w, https:\/\/edu.u-szeged.hu\/ikuku\/wp-content\/uploads\/2024\/09\/GalZita-r-768x1152.jpg 768w, https:\/\/edu.u-szeged.hu\/ikuku\/wp-content\/uploads\/2024\/09\/GalZita-r-1024x1536.jpg 1024w, https:\/\/edu.u-szeged.hu\/ikuku\/wp-content\/uploads\/2024\/09\/GalZita-r-1200x1800.jpg 1200w, https:\/\/edu.u-szeged.hu\/ikuku\/wp-content\/uploads\/2024\/09\/GalZita-r.jpg 1280w\" sizes=\"(max-width: 683px) 100vw, 683px\" \/><\/figure><div class=\"wp-block-media-text__content\">\n<p><strong>Dr. G\u00e1l Zita<\/strong><\/p>\n\n\n\n<p>egyetemi adjunktus<\/p>\n\n\n\n<p>SZTE BTK Pszichol\u00f3giai Int\u00e9zet Szoci\u00e1l- \u00e9s Fejl\u0151d\u00e9sl\u00e9lektani Tansz\u00e9k<\/p>\n\n\n\n<p><a href=\"mailto:galzita@edu.u-szeged.hu\">galzita@edu.u-szeged.hu<\/a><\/p>\n<\/div><\/div>\n\n\n\n<p><em>Kutat\u00e1si ter\u00fclet:<\/em> a szoci\u00e1lisprobl\u00e9ma-megold\u00e1s fejl\u0151d\u00e9si jellemz\u0151i; a perfekcionizmus kapcsolata m\u00e1s pszichol\u00f3giai jellemz\u0151kkel serd\u00fcl\u0151korban; a tudatelm\u00e9let \u00e9s a szoci\u00e1lis k\u00e9szs\u00e9gek kapcsolata<\/p>\n\n\n\n<p>MTMT: <a href=\"https:\/\/m2.mtmt.hu\/api\/author\/10031220\">https:\/\/m2.mtmt.hu\/api\/author\/10031220<\/a><\/p>\n\n\n\n<p><\/p>\n\n\n\n<div class=\"wp-block-media-text alignwide is-stacked-on-mobile\" style=\"grid-template-columns:19% auto\"><figure class=\"wp-block-media-text__media\"><img decoding=\"async\" loading=\"lazy\" width=\"683\" height=\"1024\" src=\"https:\/\/edu.u-szeged.hu\/ikuku\/wp-content\/uploads\/2022\/11\/TothEdit-1000x1500-1-683x1024.jpg\" alt=\"\" class=\"wp-image-104 size-full\" srcset=\"https:\/\/edu.u-szeged.hu\/ikuku\/wp-content\/uploads\/2022\/11\/TothEdit-1000x1500-1-683x1024.jpg 683w, https:\/\/edu.u-szeged.hu\/ikuku\/wp-content\/uploads\/2022\/11\/TothEdit-1000x1500-1-200x300.jpg 200w, https:\/\/edu.u-szeged.hu\/ikuku\/wp-content\/uploads\/2022\/11\/TothEdit-1000x1500-1-768x1152.jpg 768w, https:\/\/edu.u-szeged.hu\/ikuku\/wp-content\/uploads\/2022\/11\/TothEdit-1000x1500-1.jpg 1000w\" sizes=\"(max-width: 683px) 100vw, 683px\" \/><\/figure><div class=\"wp-block-media-text__content\">\n<p><strong>Dr. T\u00f3th Edit<\/strong><\/p>\n\n\n\n<p>egyetemi adjunktus, tudom\u00e1nyos munkat\u00e1rs<\/p>\n\n\n\n<p>SZTE BTK Nevel\u00e9studom\u00e1nyi Int\u00e9zet Pedag\u00f3giai \u00c9rt\u00e9kel\u00e9s \u00e9s Tervez\u00e9s Tansz\u00e9k<\/p>\n\n\n\n<p><a href=\"mailto:tothedit@edpsy.u-szeged.hu\">tothedit@edpsy.u-szeged.hu<\/a><\/p>\n<\/div><\/div>\n\n\n\n<p><em>Kutat\u00e1si ter\u00fclet:<\/em> pedag\u00f3guskutat\u00e1sok; szociokultur\u00e1lis t\u00e9nyez\u0151k \u00e9s a tanul\u00f3i teljes\u00edtm\u00e9ny kapcsolata; gazdas\u00e1gi m\u0171velts\u00e9g<\/p>\n\n\n\n<p>MTMT: <a href=\"https:\/\/m2.mtmt.hu\/api\/author\/10017558\">https:\/\/m2.mtmt.hu\/api\/author\/10017558<\/a><\/p>\n\n\n\n<p><\/p>\n\n\n\n<div class=\"wp-block-media-text alignwide is-stacked-on-mobile\" style=\"grid-template-columns:19% auto\"><figure class=\"wp-block-media-text__media\"><img decoding=\"async\" loading=\"lazy\" width=\"683\" height=\"1024\" src=\"https:\/\/edu.u-szeged.hu\/ikuku\/wp-content\/uploads\/2022\/11\/jagodics_balazs-1000x1500-1-683x1024.jpg\" alt=\"\" class=\"wp-image-105 size-full\" srcset=\"https:\/\/edu.u-szeged.hu\/ikuku\/wp-content\/uploads\/2022\/11\/jagodics_balazs-1000x1500-1-683x1024.jpg 683w, https:\/\/edu.u-szeged.hu\/ikuku\/wp-content\/uploads\/2022\/11\/jagodics_balazs-1000x1500-1-200x300.jpg 200w, https:\/\/edu.u-szeged.hu\/ikuku\/wp-content\/uploads\/2022\/11\/jagodics_balazs-1000x1500-1-768x1152.jpg 768w, https:\/\/edu.u-szeged.hu\/ikuku\/wp-content\/uploads\/2022\/11\/jagodics_balazs-1000x1500-1.jpg 1000w\" sizes=\"(max-width: 683px) 100vw, 683px\" \/><\/figure><div class=\"wp-block-media-text__content\">\n<p><strong>Dr. Jagodics Bal\u00e1zs<\/strong><\/p>\n\n\n\n<p>egyetemi adjunktus<\/p>\n\n\n\n<p>SZTE BTK Pszichol\u00f3giai Int\u00e9zet Szoci\u00e1l- \u00e9s Fejl\u0151d\u00e9spszichol\u00f3giai Tansz\u00e9k<\/p>\n\n\n\n<p><a href=\"mailto:balazs.jagodics@gmail.com\">balazs.jagodics@gmail.com<\/a><\/p>\n<\/div><\/div>\n\n\n\n<p><em>Kutat\u00e1si ter\u00fclet:<\/em> di\u00e1kok ki\u00e9g\u00e9se; tanulm\u00e1nyi motiv\u00e1ci\u00f3; t\u00e1rsas norm\u00e1k hat\u00e1sa a viselked\u00e9sre<\/p>\n\n\n\n<p>MTMT: <a href=\"https:\/\/m2.mtmt.hu\/api\/author\/10058727\">https:\/\/m2.mtmt.hu\/api\/author\/10058727<\/a><\/p>\n\n\n\n<p><\/p>\n\n\n\n<p><\/p>\n\n\n\n<div class=\"wp-block-media-text alignwide is-stacked-on-mobile\" style=\"grid-template-columns:19% auto\"><figure class=\"wp-block-media-text__media\"><img decoding=\"async\" loading=\"lazy\" width=\"688\" height=\"917\" src=\"https:\/\/edu.u-szeged.hu\/ikuku\/wp-content\/uploads\/2025\/10\/nagy_mario.jpg\" alt=\"\" class=\"wp-image-154 size-full\" srcset=\"https:\/\/edu.u-szeged.hu\/ikuku\/wp-content\/uploads\/2025\/10\/nagy_mario.jpg 688w, https:\/\/edu.u-szeged.hu\/ikuku\/wp-content\/uploads\/2025\/10\/nagy_mario-225x300.jpg 225w\" sizes=\"(max-width: 688px) 100vw, 688px\" \/><\/figure><div class=\"wp-block-media-text__content\">\n<p><strong>Dr. Nagy M\u00e1ri\u00f3 Tibor<\/strong><\/p>\n\n\n\n<p>egyetemi adjunktus<\/p>\n\n\n\n<p>SZTE BTK Nevel\u00e9studom\u00e1nyi Int\u00e9zet Nevel\u00e9selm\u00e9let Tansz\u00e9k<\/p>\n\n\n\n<p><a href=\"mailto:nagy.mario.tibor@edu.u-szeged.hu\">nagy.mario.tibor@edu.u-szeged.hu<\/a><\/p>\n\n\n\n<p><\/p>\n\n\n\n<p><\/p>\n<\/div><\/div>\n\n\n\n<p><em>Kutat\u00e1si ter\u00fclet<\/em>: tudom\u00e1nnyal kapcsolatos n\u00e9zetek \u00e9s meggy\u0151z\u0151d\u00e9sek, term\u00e9szettudom\u00e1nyos m\u0171velts\u00e9g t\u00e1rsadalmi vonatkoz\u00e1sai, szem\u00e9lyk\u00f6zpont\u00fa elemz\u00e9sek.<br><\/p>\n\n\n\n<p>MTMT: <a href=\"https:\/\/m2.mtmt.hu\/api\/author\/10074143\">https:\/\/m2.mtmt.hu\/api\/author\/10074143<\/a><\/p>\n\n\n\n<div class=\"wp-block-media-text alignwide is-stacked-on-mobile\" style=\"grid-template-columns:20% auto\"><figure class=\"wp-block-media-text__media\"><img decoding=\"async\" loading=\"lazy\" width=\"683\" height=\"1024\" src=\"https:\/\/edu.u-szeged.hu\/ikuku\/wp-content\/uploads\/2024\/10\/918A1526-r-683x1024.jpg\" alt=\"\" class=\"wp-image-149 size-full\" srcset=\"https:\/\/edu.u-szeged.hu\/ikuku\/wp-content\/uploads\/2024\/10\/918A1526-r-683x1024.jpg 683w, https:\/\/edu.u-szeged.hu\/ikuku\/wp-content\/uploads\/2024\/10\/918A1526-r-200x300.jpg 200w, https:\/\/edu.u-szeged.hu\/ikuku\/wp-content\/uploads\/2024\/10\/918A1526-r-768x1152.jpg 768w, https:\/\/edu.u-szeged.hu\/ikuku\/wp-content\/uploads\/2024\/10\/918A1526-r-1024x1536.jpg 1024w, https:\/\/edu.u-szeged.hu\/ikuku\/wp-content\/uploads\/2024\/10\/918A1526-r-1366x2048.jpg 1366w, https:\/\/edu.u-szeged.hu\/ikuku\/wp-content\/uploads\/2024\/10\/918A1526-r-1200x1800.jpg 1200w, https:\/\/edu.u-szeged.hu\/ikuku\/wp-content\/uploads\/2024\/10\/918A1526-r.jpg 1707w\" sizes=\"(max-width: 683px) 100vw, 683px\" \/><\/figure><div class=\"wp-block-media-text__content\">\n<p><strong>Moln\u00e1r Katalin<\/strong><\/p>\n\n\n\n<p>irodavezet\u0151, gazdas\u00e1gi \u00fcgyint\u00e9z\u0151<\/p>\n\n\n\n<p>SZTE BTK Nevel\u00e9studom\u00e1nyi Int\u00e9zet<\/p>\n\n\n\n<p><a href=\"mailto:katalin.molnar@edpsy.u-szeged.hu\">katalin.molnar@edpsy.u-szeged.hu<\/a><\/p>\n<\/div><\/div>\n\n\n\n<p><\/p>\n\n\n\n<p><\/p>\n\n\n\n<p><\/p>\n\n\n\n<p><\/p>\n\n\n\n<p><\/p>\n\n\n\n<p><strong>Az IKUKU munk\u00e1j\u00e1ban k\u00f6zrem\u0171k\u00f6dnek<\/strong><\/p>\n\n\n\n<ul>\n<li>\u00c1rvain\u00e9 Libor Ildik\u00f3 tan\u00edt\u00f3 (SZTE Juh\u00e1sz Gyula Gyakorl\u00f3 \u00c1ltal\u00e1nos \u00e9s Alapfok\u00fa M\u0171v\u00e9szeti Iskol\u00e1ja, Napk\u00f6zi Otthonos \u00d3vod\u00e1ja, Szeged)<\/li>\n\n\n\n<li>Balogh-P\u00e9csi Anett PhD-hallgat\u00f3, tan\u00e1r (SZTE Nevel\u00e9studom\u00e1nyi Doktori Iskola)<\/li>\n\n\n\n<li>Bety\u00e1r G\u00e1bor informatikus (SZTE BTK Nevel\u00e9studom\u00e1nyi Int\u00e9zet)<\/li>\n\n\n\n<li>F. Tak\u00e1cs Istv\u00e1n PhD-hallgat\u00f3, pszichol\u00f3gus, tan\u00e1r (SZTE Nevel\u00e9studom\u00e1nyi Doktori Iskola)<\/li>\n\n\n\n<li>Farkas Csenge iskolapszichol\u00f3gus (B\u00e9ke Utcai \u00c1ltal\u00e1nos Iskola, Szeged)<\/li>\n\n\n\n<li>Halof Ferenc informatikus (SZTE BTK Nevel\u00e9studom\u00e1nyi Int\u00e9zet)<\/li>\n\n\n\n<li>Khalil Aburezeq PhD-hallgat\u00f3, tan\u00e1r (SZTE Nevel\u00e9studom\u00e1nyi Doktori Iskola)<\/li>\n\n\n\n<li>Polcsik Bal\u00e1zs tan\u00e1r (Ged\u00f3i \u00c1ltal\u00e1nos Iskola \u00e9s Alapfok\u00fa M\u0171v\u00e9szeti Iskola, Szeged)<\/li>\n\n\n\n<li>Szit\u00e1s Teod\u00f3ra PhD-hallgat\u00f3, \u00f3vodapedag\u00f3gus (SZTE Nevel\u00e9studom\u00e1nyi Doktori Iskola)<\/li>\n\n\n\n<li>Dr. Thomas A. Williams egyetemi adjunktus (SZTE BTK Angol-Amerikai Int\u00e9zet)<\/li>\n\n\n\n<li>Vincze Istv\u00e1nn\u00e9 tan\u00e1r, igazgat\u00f3helyettes (SZTE Gyakorl\u00f3 Gimn\u00e1zium \u00e9s \u00c1ltal\u00e1nos Iskola)<\/li>\n\n\n\n<li>Dr. Zsigrin\u00e9 dr. Sejtes Gy\u00f6rgyi egyetemi adjunktus, tan\u00e1r, igazgat\u00f3 (SZTE Juh\u00e1sz Gyula Gyakorl\u00f3 \u00c1ltal\u00e1nos \u00e9s Alapfok\u00fa M\u0171v\u00e9szeti Iskol\u00e1ja, Napk\u00f6zi Otthonos \u00d3vod\u00e1ja, Szeged)<\/li>\n<\/ul>\n","protected":false},"excerpt":{"rendered":"<p>Dr. habil. Kasik L\u00e1szl\u00f3 kutat\u00f3csoport-vezet\u0151 egyetemi docens SZTE BTK Pszichol\u00f3giai Int\u00e9zet Szoci\u00e1l- \u00e9s Fejl\u0151d\u00e9sl\u00e9lektani Tansz\u00e9k kasik@edpsy.u-szeged.hu Kutat\u00e1si ter\u00fclet: a szoci\u00e1lisprobl\u00e9ma-megold\u00e1s fejl\u0151d\u00e9se \u00e9s fejleszt\u00e9si lehet\u0151s\u00e9gei gyermek- \u00e9s serd\u00fcl\u0151korban; megk\u00fczd\u00e9si strat\u00e9gi\u00e1k gyermek- \u00e9s serd\u00fcl\u0151korban; maladapt\u00edv perfekcionizmus serd\u00fcl\u0151korban MTMT: https:\/\/m2.mtmt.hu\/api\/author\/10017484 Dr. habil. Szab\u00f3 \u00c9va kutat\u00f3csoportvezet\u0151-helyettes tansz\u00e9kvezet\u0151 egyetemi docens SZTE BTK Pszichol\u00f3giai Int\u00e9zet Szoci\u00e1l- \u00e9s Fejl\u0151d\u00e9spszichol\u00f3giai Tansz\u00e9k eva.szabo@psy.u-szeged.hu Kutat\u00e1si [&hellip;]<\/p>\n","protected":false},"author":1,"featured_media":0,"parent":0,"menu_order":0,"comment_status":"closed","ping_status":"closed","template":"templates\/template-full-width.php","meta":[],"_links":{"self":[{"href":"https:\/\/edu.u-szeged.hu\/ikuku\/wp-json\/wp\/v2\/pages\/34"}],"collection":[{"href":"https:\/\/edu.u-szeged.hu\/ikuku\/wp-json\/wp\/v2\/pages"}],"about":[{"href":"https:\/\/edu.u-szeged.hu\/ikuku\/wp-json\/wp\/v2\/types\/page"}],"author":[{"embeddable":true,"href":"https:\/\/edu.u-szeged.hu\/ikuku\/wp-json\/wp\/v2\/users\/1"}],"replies":[{"embeddable":true,"href":"https:\/\/edu.u-szeged.hu\/ikuku\/wp-json\/wp\/v2\/comments?post=34"}],"version-history":[{"count":24,"href":"https:\/\/edu.u-szeged.hu\/ikuku\/wp-json\/wp\/v2\/pages\/34\/revisions"}],"predecessor-version":[{"id":158,"href":"https:\/\/edu.u-szeged.hu\/ikuku\/wp-json\/wp\/v2\/pages\/34\/revisions\/158"}],"wp:attachment":[{"href":"https:\/\/edu.u-szeged.hu\/ikuku\/wp-json\/wp\/v2\/media?parent=34"}],"curies":[{"name":"wp","href":"https:\/\/api.w.org\/{rel}","templated":true}]}}