{"id":130,"date":"2024-05-20T10:20:00","date_gmt":"2024-05-20T10:20:00","guid":{"rendered":"https:\/\/edu.u-szeged.hu\/ikuku\/?page_id=130"},"modified":"2026-01-31T10:16:58","modified_gmt":"2026-01-31T10:16:58","slug":"hirek","status":"publish","type":"page","link":"https:\/\/edu.u-szeged.hu\/ikuku\/hirek\/","title":{"rendered":"H\u00edrek"},"content":{"rendered":"\n<hr class=\"wp-block-separator has-alpha-channel-opacity\"\/>\n\n\n\n<p><strong>A sokarc\u00fa iskolai kudarc \u2013 felt\u00e1r\u00e1s \u00e9s seg\u00edt\u00e9s<\/strong><\/p>\n\n\n\n<p>Bemutatkozik az MTA\u2013SZTE Iskolai Kudarcok Megel\u0151z\u00e9se Kutat\u00f3csoport.<\/p>\n\n\n\n<p>A bemutatkoz\u00f3 konferencia ideje: 2024. m\u00e1jus 23. 15.00\u201317.00<\/p>\n\n\n\n<p>Helye: MTA SZAB Sz\u00e9kh\u00e1z, D\u00edszterem<\/p>\n\n\n\n<p>Program: <a href=\"https:\/\/tab.mta.hu\/szegedi-teruleti-bizottsag\/esemenyek\/2024\/sokarcu-iskolai-kudarc-feltaras-es-segites\">https:\/\/tab.mta.hu\/szegedi-teruleti-bizottsag\/esemenyek\/2024\/sokarcu-iskolai-kudarc-feltaras-es-segites<\/a><\/p>\n","protected":false},"excerpt":{"rendered":"<p>A sokarc\u00fa iskolai kudarc \u2013 felt\u00e1r\u00e1s \u00e9s seg\u00edt\u00e9s Bemutatkozik az MTA\u2013SZTE Iskolai Kudarcok Megel\u0151z\u00e9se Kutat\u00f3csoport. A bemutatkoz\u00f3 konferencia ideje: 2024. m\u00e1jus 23. 15.00\u201317.00 Helye: MTA SZAB Sz\u00e9kh\u00e1z, D\u00edszterem Program: https:\/\/tab.mta.hu\/szegedi-teruleti-bizottsag\/esemenyek\/2024\/sokarcu-iskolai-kudarc-feltaras-es-segites<\/p>\n","protected":false},"author":1,"featured_media":0,"parent":0,"menu_order":0,"comment_status":"closed","ping_status":"closed","template":"","meta":[],"_links":{"self":[{"href":"https:\/\/edu.u-szeged.hu\/ikuku\/wp-json\/wp\/v2\/pages\/130"}],"collection":[{"href":"https:\/\/edu.u-szeged.hu\/ikuku\/wp-json\/wp\/v2\/pages"}],"about":[{"href":"https:\/\/edu.u-szeged.hu\/ikuku\/wp-json\/wp\/v2\/types\/page"}],"author":[{"embeddable":true,"href":"https:\/\/edu.u-szeged.hu\/ikuku\/wp-json\/wp\/v2\/users\/1"}],"replies":[{"embeddable":true,"href":"https:\/\/edu.u-szeged.hu\/ikuku\/wp-json\/wp\/v2\/comments?post=130"}],"version-history":[{"count":4,"href":"https:\/\/edu.u-szeged.hu\/ikuku\/wp-json\/wp\/v2\/pages\/130\/revisions"}],"predecessor-version":[{"id":161,"href":"https:\/\/edu.u-szeged.hu\/ikuku\/wp-json\/wp\/v2\/pages\/130\/revisions\/161"}],"wp:attachment":[{"href":"https:\/\/edu.u-szeged.hu\/ikuku\/wp-json\/wp\/v2\/media?parent=130"}],"curies":[{"name":"wp","href":"https:\/\/api.w.org\/{rel}","templated":true}]}}