{"id":10,"date":"2022-01-29T15:16:07","date_gmt":"2022-01-29T15:16:07","guid":{"rendered":"http:\/\/szkk.webbetyar.hu\/?page_id=10"},"modified":"2024-09-17T10:18:59","modified_gmt":"2024-09-17T10:18:59","slug":"elerhetoseg","status":"publish","type":"page","link":"https:\/\/edu.u-szeged.hu\/ikuku\/elerhetoseg\/","title":{"rendered":"El\u00e9rhet\u0151s\u00e9g"},"content":{"rendered":"\n<p><\/p>\n\n\n\n<p class=\"has-text-align-center\"><strong>MTA\u2013SZTE Iskolai Kudarcok Megel\u0151z\u00e9se Kutat\u00f3csoport (IKUKU)<br><\/strong>MTA\u2013SZTE School Failure Prevention Research Group<br><\/p>\n\n\n\n<p class=\"has-text-align-center\">SZTE B\u00f6lcs\u00e9szet- \u00e9s T\u00e1rsadalomtudom\u00e1nyi Kar Nevel\u00e9studom\u00e1nyi Int\u00e9zet, Pszichol\u00f3giai Int\u00e9zet<br>6722 Szeged, Pet\u0151fi S\u00e1ndor sgt. 32\u201334.<br><\/p>\n\n\n\n<p class=\"has-text-align-center\">kasik@edpsy.u-szeged.hu<\/p>\n","protected":false},"excerpt":{"rendered":"<p>MTA\u2013SZTE Iskolai Kudarcok Megel\u0151z\u00e9se Kutat\u00f3csoport (IKUKU)MTA\u2013SZTE School Failure Prevention Research Group SZTE B\u00f6lcs\u00e9szet- \u00e9s T\u00e1rsadalomtudom\u00e1nyi Kar Nevel\u00e9studom\u00e1nyi Int\u00e9zet, Pszichol\u00f3giai Int\u00e9zet6722 Szeged, Pet\u0151fi S\u00e1ndor sgt. 32\u201334. kasik@edpsy.u-szeged.hu<\/p>\n","protected":false},"author":1,"featured_media":0,"parent":0,"menu_order":0,"comment_status":"closed","ping_status":"closed","template":"templates\/template-full-width.php","meta":[],"_links":{"self":[{"href":"https:\/\/edu.u-szeged.hu\/ikuku\/wp-json\/wp\/v2\/pages\/10"}],"collection":[{"href":"https:\/\/edu.u-szeged.hu\/ikuku\/wp-json\/wp\/v2\/pages"}],"about":[{"href":"https:\/\/edu.u-szeged.hu\/ikuku\/wp-json\/wp\/v2\/types\/page"}],"author":[{"embeddable":true,"href":"https:\/\/edu.u-szeged.hu\/ikuku\/wp-json\/wp\/v2\/users\/1"}],"replies":[{"embeddable":true,"href":"https:\/\/edu.u-szeged.hu\/ikuku\/wp-json\/wp\/v2\/comments?post=10"}],"version-history":[{"count":7,"href":"https:\/\/edu.u-szeged.hu\/ikuku\/wp-json\/wp\/v2\/pages\/10\/revisions"}],"predecessor-version":[{"id":127,"href":"https:\/\/edu.u-szeged.hu\/ikuku\/wp-json\/wp\/v2\/pages\/10\/revisions\/127"}],"wp:attachment":[{"href":"https:\/\/edu.u-szeged.hu\/ikuku\/wp-json\/wp\/v2\/media?parent=10"}],"curies":[{"name":"wp","href":"https:\/\/api.w.org\/{rel}","templated":true}]}}